{"id":603,"date":"2019-07-14T21:50:42","date_gmt":"2019-07-14T21:50:42","guid":{"rendered":"http:\/\/demos.reytheme.com\/milano\/?page_id=603"},"modified":"2019-07-14T21:50:42","modified_gmt":"2019-07-14T21:50:42","slug":"sale","status":"publish","type":"page","link":"https:\/\/linhdinh.studio\/index.php\/sale\/","title":{"rendered":"Sale"},"content":{"rendered":"\t\t<div data-elementor-type=\"wp-post\" data-elementor-id=\"603\" class=\"elementor elementor-603\">\n\t\t\t\t\t\t<section class=\"elementor-section elementor-top-section elementor-element elementor-element-326020b elementor-section-boxed elementor-section-height-default elementor-section-height-default\" data-id=\"326020b\" data-element_type=\"section\">\n\t\t\t\t\t\t<div class=\"elementor-container elementor-column-gap-default\">\n\t\t\t\t\t<div class=\"elementor-column elementor-col-100 elementor-top-column elementor-element elementor-element-26401bc\" data-id=\"26401bc\" data-element_type=\"column\">\n\t\t\t<div class=\"elementor-column-wrap--26401bc elementor-widget-wrap elementor-element-populated\">\n\t\t\t\t\t\t<div class=\"rey-lazyBg elementor-element elementor-element-2cae167 elementor-widget__width-auto elementor-widget elementor-widget-heading\" data-id=\"2cae167\" data-element_type=\"widget\" data-widget_type=\"heading.default\">\n\t\t\t\t<div class=\"elementor-widget-container\">\n\t\t\t\t\t<div class=\"elementor-heading-title elementor-size-default\">SALE!<\/div>\t\t\t\t<\/div>\n\t\t\t\t<\/div>\n\t\t\t\t<div class=\"elementor-element elementor-element-3f6fa86 elementor-widget__width-initial elementor-widget elementor-widget-heading\" data-id=\"3f6fa86\" data-element_type=\"widget\" data-widget_type=\"heading.default\">\n\t\t\t\t<div class=\"elementor-widget-container\">\n\t\t\t\t\t<h1 class=\"elementor-heading-title elementor-size-default\">UP TO 50% OFF<\/h1>\t\t\t\t<\/div>\n\t\t\t\t<\/div>\n\t\t\t\t\t<\/div>\n\t\t<\/div>\n\t\t\t\t\t<\/div>\n\t\t<\/section>\n\t\t\t\t<section class=\"elementor-section elementor-top-section elementor-element elementor-element-ce78c1c elementor-section-boxed elementor-section-height-default elementor-section-height-default\" data-id=\"ce78c1c\" data-element_type=\"section\">\n\t\t\t\t\t\t<div class=\"elementor-container elementor-column-gap-default\">\n\t\t\t\t\t<div class=\"elementor-column elementor-col-100 elementor-top-column elementor-element elementor-element-f7a4bc5\" data-id=\"f7a4bc5\" data-element_type=\"column\">\n\t\t\t<div class=\"elementor-column-wrap--f7a4bc5 elementor-widget-wrap elementor-element-populated\">\n\t\t\t\t\t\t<div class=\"elementor-element elementor-element-5232cad elementor-widget elementor-widget-reycore-product-grid\" data-id=\"5232cad\" data-element_type=\"widget\" data-widget_type=\"reycore-product-grid.default\">\n\t\t\t\t<div class=\"elementor-widget-container\">\n\t\t\t\t\t\n\t\t<div class=\"woocommerce rey-element reyEl-productGrid reyEl-productGrid--has-thumbs  --show-header\" data-qt=\"sale\">\n\n\t\t<div class=\"reyajfilter-before-products --anim-default\"><div class=\"reyajfilter-updater --invisible\"><div class=\"rey-lineLoader\"><\/div><\/div><div class=\"rey-loopHeader --has-filter-btn\"><div class=\"woocommerce-result-count\">\n\t<\/div>\n\n<form class=\"woocommerce-ordering rey-loopSelectList\" method=\"get\" >\n\n\t<label class=\"btn btn-line\" for=\"catalog-orderby-list\">\n\t\t<span>Th\u1ee9 t\u1ef1 m\u1eb7c \u0111\u1ecbnh<\/span>\n\t\t<select name=\"orderby\" class=\"orderby\" aria-label=\"Shop order\" id=\"catalog-orderby-list\">\n\t\t\t\t\t\t\t<option value=\"menu_order\"  selected='selected'>Th\u1ee9 t\u1ef1 m\u1eb7c \u0111\u1ecbnh<\/option>\n\t\t\t\t\t\t\t<option value=\"popularity\" >Th\u1ee9 t\u1ef1 theo m\u1ee9c \u0111\u1ed9 ph\u1ed5 bi\u1ebfn<\/option>\n\t\t\t\t\t\t\t<option value=\"rating\" >Th\u1ee9 t\u1ef1 theo \u0111i\u1ec3m \u0111\u00e1nh gi\u00e1<\/option>\n\t\t\t\t\t\t\t<option value=\"date\" >M\u1edbi nh\u1ea5t<\/option>\n\t\t\t\t\t\t\t<option value=\"price\" >Th\u1ee9 t\u1ef1 theo gi\u00e1: th\u1ea5p \u0111\u1ebfn cao<\/option>\n\t\t\t\t\t\t\t<option value=\"price-desc\" >Th\u1ee9 t\u1ef1 theo gi\u00e1: cao xu\u1ed1ng th\u1ea5p<\/option>\n\t\t\t\t\t<\/select>\n\t<\/label>\n\n\t<input type=\"hidden\" name=\"paged\" value=\"1\" \/>\n\t<\/form>\n<\/div><ul class=\"products  rey-wcGrid-default --skin-proto --paginated\" data-skin=\"--skin-proto\" data-cols=\"2\" data-cols-tablet=\"2\" data-cols-mobile=\"2\" data-discount-mobile-top=\"yes\" data-params=\"[]\" >\n<li class=\"rey-swatches rey-swatches--show-selected--name rey-swatches--stretch-labels --swatch-update-gallery product type-product post-3151 status-publish first instock product_cat-ao-hai-day product_tag-ao-2-day has-post-thumbnail sale shipping-taxable purchasable product-type-simple is-animated --shadow-1 --shadow-h-3 --extraImg-slideshow --extraImg-mobile rey-wc-skin--proto rey-wc-loopAlign-left is-animated-entry\" data-pid=\"3151\">\n\n\t<div class=\"rey-productInner --box-styler\"><div class=\"rey-productThumbnail\"><div class=\"splide --color-invert\" data-arrows-id=\"__arrows-3151\"><div class=\"splide__track\"><div class=\"rey-productSlideshow splide__list\"><a href=\"https:\/\/linhdinh.studio\/index.php\/san-pham\/ao-hai-day-dang-suong\/\" class=\"splide__slide\"><img fetchpriority=\"high\" decoding=\"async\" width=\"790\" height=\"1097\" src=\"https:\/\/linhdinh.studio\/wp-content\/uploads\/2025\/05\/Ao_hai_day_dang_suong-1.jpg\" class=\"rey-productThumbnail-extra\" alt=\"\" srcset=\"https:\/\/linhdinh.studio\/wp-content\/uploads\/2025\/05\/Ao_hai_day_dang_suong-1.jpg 790w, https:\/\/linhdinh.studio\/wp-content\/uploads\/2025\/05\/Ao_hai_day_dang_suong-1-216x300.jpg 216w, https:\/\/linhdinh.studio\/wp-content\/uploads\/2025\/05\/Ao_hai_day_dang_suong-1-737x1024.jpg 737w, https:\/\/linhdinh.studio\/wp-content\/uploads\/2025\/05\/Ao_hai_day_dang_suong-1-768x1066.jpg 768w\" sizes=\"(max-width: 790px) 100vw, 790px\" \/><\/a><a href=\"https:\/\/linhdinh.studio\/index.php\/san-pham\/ao-hai-day-dang-suong\/\" class=\"splide__slide\"><img decoding=\"async\" width=\"790\" height=\"1055\" src=\"https:\/\/linhdinh.studio\/wp-content\/uploads\/2025\/05\/Ao_hai_day_dang_suong-4.jpg\" class=\"rey-productThumbnail-extra\" alt=\"\" srcset=\"https:\/\/linhdinh.studio\/wp-content\/uploads\/2025\/05\/Ao_hai_day_dang_suong-4.jpg 790w, https:\/\/linhdinh.studio\/wp-content\/uploads\/2025\/05\/Ao_hai_day_dang_suong-4-600x800.jpg 600w, https:\/\/linhdinh.studio\/wp-content\/uploads\/2025\/05\/Ao_hai_day_dang_suong-4-225x300.jpg 225w, https:\/\/linhdinh.studio\/wp-content\/uploads\/2025\/05\/Ao_hai_day_dang_suong-4-767x1024.jpg 767w, https:\/\/linhdinh.studio\/wp-content\/uploads\/2025\/05\/Ao_hai_day_dang_suong-4-768x1026.jpg 768w\" sizes=\"(max-width: 790px) 100vw, 790px\" \/><\/a><a href=\"https:\/\/linhdinh.studio\/index.php\/san-pham\/ao-hai-day-dang-suong\/\" class=\"splide__slide\"><img decoding=\"async\" width=\"790\" height=\"1076\" src=\"https:\/\/linhdinh.studio\/wp-content\/uploads\/2025\/05\/Ao_hai_day_dang_suong-2.jpg\" class=\"rey-productThumbnail-extra\" alt=\"\" srcset=\"https:\/\/linhdinh.studio\/wp-content\/uploads\/2025\/05\/Ao_hai_day_dang_suong-2.jpg 790w, https:\/\/linhdinh.studio\/wp-content\/uploads\/2025\/05\/Ao_hai_day_dang_suong-2-220x300.jpg 220w, https:\/\/linhdinh.studio\/wp-content\/uploads\/2025\/05\/Ao_hai_day_dang_suong-2-752x1024.jpg 752w, https:\/\/linhdinh.studio\/wp-content\/uploads\/2025\/05\/Ao_hai_day_dang_suong-2-768x1046.jpg 768w\" sizes=\"(max-width: 790px) 100vw, 790px\" \/><\/a><\/div><div class=\"rey-productSlideshow-arrows __arrows-3151\"><div class=\"rey-arrowSvg rey-arrowSvg--left \" data-dir=\"<\"><svg aria-hidden=\"true\" role=\"img\" id=\"rey-icon-arrow-long-69e15f033697d\" class=\"rey-icon rey-icon-arrow-long  --default\" viewbox=\"0 0 50 8\"><path d=\"M0.928904706,3.0387609 L44.0113745,3.0387609 L44.0113745,4.97541883 L0.928904706,4.97541883 C0.415884803,4.97541883 2.13162821e-14,4.54188318 2.13162821e-14,4.00708986 C2.13162821e-14,3.47229655 0.415884803,3.0387609 0.928904706,3.0387609 Z\" class=\"rey-arrowSvg-dash\" style=\"transform:var(--i-dsh-tr,initial);transition:var(--i-trs,initial);transform-origin:100% 50%;\"><\/path><path d=\"M49.6399545,3.16320794 L45.1502484,0.129110528 C45.0056033,0.0532149593 44.8474869,0.0092610397 44.685796,3.99680289e-14 C44.5479741,0.0112891909 44.4144881,0.0554642381 44.2956561,0.129110528 C44.0242223,0.2506013 43.8503957,0.531340097 43.8559745,0.839218433 L43.8559745,6.90741326 C43.8503957,7.21529159 44.0242223,7.49603039 44.2956561,7.61752116 C44.5594727,7.77895738 44.8864318,7.77895738 45.1502484,7.61752116 L49.6399545,4.58342375 C49.8682741,4.42554586 50.0055358,4.15892769 50.0055358,3.87331584 C50.0055358,3.587704 49.8682741,3.32108583 49.6399545,3.16320794 Z\"><\/path><\/svg><\/div><div class=\"rey-arrowSvg rey-arrowSvg--right \" data-dir=\">\"><svg aria-hidden=\"true\" role=\"img\" id=\"rey-icon-arrow-long-69e15f03369a9\" class=\"rey-icon rey-icon-arrow-long  --default\" viewbox=\"0 0 50 8\"><path d=\"M0.928904706,3.0387609 L44.0113745,3.0387609 L44.0113745,4.97541883 L0.928904706,4.97541883 C0.415884803,4.97541883 2.13162821e-14,4.54188318 2.13162821e-14,4.00708986 C2.13162821e-14,3.47229655 0.415884803,3.0387609 0.928904706,3.0387609 Z\" class=\"rey-arrowSvg-dash\" style=\"transform:var(--i-dsh-tr,initial);transition:var(--i-trs,initial);transform-origin:100% 50%;\"><\/path><path d=\"M49.6399545,3.16320794 L45.1502484,0.129110528 C45.0056033,0.0532149593 44.8474869,0.0092610397 44.685796,3.99680289e-14 C44.5479741,0.0112891909 44.4144881,0.0554642381 44.2956561,0.129110528 C44.0242223,0.2506013 43.8503957,0.531340097 43.8559745,0.839218433 L43.8559745,6.90741326 C43.8503957,7.21529159 44.0242223,7.49603039 44.2956561,7.61752116 C44.5594727,7.77895738 44.8864318,7.77895738 45.1502484,7.61752116 L49.6399545,4.58342375 C49.8682741,4.42554586 50.0055358,4.15892769 50.0055358,3.87331584 C50.0055358,3.587704 49.8682741,3.32108583 49.6399545,3.16320794 Z\"><\/path><\/svg><\/div><\/div><\/div><\/div><div class=\"rey-thPos rey-thPos--top-left\" data-position=\"top-left\"><span class=\"rey-discount\">Save 100.000&nbsp;&#8363;<\/span><\/div><div class=\"rey-thPos rey-thPos--bottom-right rey-thPos--bottom\" data-position=\"bottom-right rey-thPos--bottom\"><div class=\"rey-thPos-item --no-margins\"><button class=\"button rey-btn--hover rey-quickviewBtn js-rey-quickviewBtn\" data-id=\"3151\" title=\"QUICKVIEW\">QUICKVIEW<\/button><\/div><\/div><\/div>\t\t<div class=\"rey-loopDetails --padded\">\n\t\t<h2 class=\"woocommerce-loop-product__title\"><a href=\"https:\/\/linhdinh.studio\/index.php\/san-pham\/ao-hai-day-dang-suong\/\">\u00c1o Hai D\u00e2y D\u00e1ng Su\u00f4ng<\/a><\/h2><div class=\"__break\"><\/div><span class=\"price rey-loopPrice\"><del aria-hidden=\"true\"><span class=\"woocommerce-Price-amount amount\"><bdi>499.000&nbsp;<span class=\"woocommerce-Price-currencySymbol\">&#8363;<\/span><\/bdi><\/span><\/del> <span class=\"screen-reader-text\">Gi\u00e1 g\u1ed1c l\u00e0: 499.000&nbsp;&#8363;.<\/span><ins aria-hidden=\"true\"><span class=\"woocommerce-Price-amount amount\"><bdi>399.000&nbsp;<span class=\"woocommerce-Price-currencySymbol\">&#8363;<\/span><\/bdi><\/span><\/ins><span class=\"screen-reader-text\">Gi\u00e1 hi\u1ec7n t\u1ea1i l\u00e0: 399.000&nbsp;&#8363;.<\/span><span class=\"rey-discount\">Save 100.000&nbsp;&#8363;<\/span><\/span>\t\t<div class=\"rey-loopButtons\">\n\t\t<a href=\"?add-to-cart=3151\" data-quantity=\"1\" class=\"button product_type_simple add_to_cart_button ajax_add_to_cart rey-btn--under\" data-product_id=\"3151\" data-product_sku=\"\" aria-label=\"Th\u00eam v\u00e0o gi\u1ecf h\u00e0ng: &ldquo;\u00c1o Hai D\u00e2y D\u00e1ng Su\u00f4ng&rdquo;\" rel=\"nofollow\" data-success_message=\"&ldquo;\u00c1o Hai D\u00e2y D\u00e1ng Su\u00f4ng&rdquo; \u0111\u00e3 \u0111\u01b0\u1ee3c th\u00eam v\u00e0o gi\u1ecf h\u00e0ng c\u1ee7a b\u1ea1n\"><svg aria-hidden=\"true\" role=\"img\" id=\"rey-icon-bag-69e15f033adad\" class=\"rey-icon rey-icon-bag \" viewbox=\"0 0 24 24\"><path d=\"M21,3h-4.4C15.8,1.2,14,0,12,0S8.2,1.2,7.4,3H3C2.4,3,2,3.4,2,4v19c0,0.6,0.4,1,1,1h18c0.6,0,1-0.4,1-1V4  C22,3.4,21.6,3,21,3z M12,1c1.5,0,2.8,0.8,3.4,2H8.6C9.2,1.8,10.5,1,12,1z M20,22H4v-4h16V22z M20,17H4V5h3v4h1V5h8v4h1V5h3V17z\"\/><\/svg><span class=\"__text\">Th\u00eam v\u00e0o gi\u1ecf h\u00e0ng<\/span><\/a>\t<span id=\"woocommerce_loop_add_to_cart_link_describedby_3151\" class=\"screen-reader-text\">\n\t\t\t<\/span>\n<button class=\" rey-wishlistBtn rey-wishlistBtn-link\" data-lazy-hidden data-id=\"3151\" title=\"Add to wishlist\" aria-label=\"Add to wishlist\" ><svg aria-hidden=\"true\" role=\"img\" class=\"rey-icon rey-icon-heart rey-wishlistBtn-icon\" viewbox=\"0 0 24 24\"><path fill=\"var(--icon-fill, none)\" stroke=\"currentColor\" stroke-width=\"var(--stroke-width, 1.8px)\" stroke-linecap=\"round\" stroke-linejoin=\"round\" d=\"M20.84 4.61a5.5 5.5 0 0 0-7.78 0L12 5.67l-1.06-1.06a5.5 5.5 0 0 0-7.78 7.78l1.06 1.06L12 21.23l7.78-7.78 1.06-1.06a5.5 5.5 0 0 0 0-7.78z\"\/><\/svg><\/button>\t\t<\/div>\n\t\t\t<\/div>\n\t\t\t<\/div>\n\t\n<\/li>\n\n<\/ul><\/div><!-- .reyajfilter-before-products --><\/div>\t\t\t\t<\/div>\n\t\t\t\t<\/div>\n\t\t\t\t\t<\/div>\n\t\t<\/div>\n\t\t\t\t\t<\/div>\n\t\t<\/section>\n\t\t\t\t<\/div>\n\t\t","protected":false},"excerpt":{"rendered":"","protected":false},"author":1,"featured_media":0,"parent":0,"menu_order":0,"comment_status":"closed","ping_status":"closed","template":"template-builder.php","meta":{"_acf_changed":false,"footnotes":""},"class_list":["post-603","page","type-page","status-publish","hentry"],"acf":[],"_links":{"self":[{"href":"https:\/\/linhdinh.studio\/index.php\/wp-json\/wp\/v2\/pages\/603","targetHints":{"allow":["GET"]}}],"collection":[{"href":"https:\/\/linhdinh.studio\/index.php\/wp-json\/wp\/v2\/pages"}],"about":[{"href":"https:\/\/linhdinh.studio\/index.php\/wp-json\/wp\/v2\/types\/page"}],"author":[{"embeddable":true,"href":"https:\/\/linhdinh.studio\/index.php\/wp-json\/wp\/v2\/users\/1"}],"replies":[{"embeddable":true,"href":"https:\/\/linhdinh.studio\/index.php\/wp-json\/wp\/v2\/comments?post=603"}],"version-history":[{"count":0,"href":"https:\/\/linhdinh.studio\/index.php\/wp-json\/wp\/v2\/pages\/603\/revisions"}],"wp:attachment":[{"href":"https:\/\/linhdinh.studio\/index.php\/wp-json\/wp\/v2\/media?parent=603"}],"curies":[{"name":"wp","href":"https:\/\/api.w.org\/{rel}","templated":true}]}}