{"id":8,"date":"2025-03-31T14:12:02","date_gmt":"2025-03-31T14:12:02","guid":{"rendered":"https:\/\/linhdinhstudio.phanminhhai.com\/index.php\/gio-hang\/"},"modified":"2025-05-24T04:12:15","modified_gmt":"2025-05-24T04:12:15","slug":"gio-hang","status":"publish","type":"page","link":"https:\/\/linhdinh.studio\/index.php\/gio-hang\/","title":{"rendered":"Gi\u1ecf h\u00e0ng"},"content":{"rendered":"<div data-block-name=\"woocommerce\/cart\" class=\"wp-block-woocommerce-cart alignwide is-loading\"><div data-block-name=\"woocommerce\/filled-cart-block\" class=\"wp-block-woocommerce-filled-cart-block\"><div data-block-name=\"woocommerce\/cart-items-block\" class=\"wp-block-woocommerce-cart-items-block\"><div data-block-name=\"woocommerce\/cart-line-items-block\" class=\"wp-block-woocommerce-cart-line-items-block\"><\/div>\n\n<div data-block-name=\"woocommerce\/cart-cross-sells-block\" class=\"wp-block-woocommerce-cart-cross-sells-block\"><h2 class=\"wp-block-heading has-large-font-size\">B\u1ea1n c\u00f3 th\u1ec3 quan t\u00e2m \u0111\u1ebfn\u2026<\/h2>\n\n<div data-block-name=\"woocommerce\/cart-cross-sells-products-block\" class=\"wp-block-woocommerce-cart-cross-sells-products-block\"><\/div><\/div><\/div>\n\n<div data-block-name=\"woocommerce\/cart-totals-block\" class=\"wp-block-woocommerce-cart-totals-block\"><div data-block-name=\"woocommerce\/cart-order-summary-block\" class=\"wp-block-woocommerce-cart-order-summary-block\"><div data-block-name=\"woocommerce\/cart-order-summary-heading-block\" class=\"wp-block-woocommerce-cart-order-summary-heading-block\"><\/div><div data-block-name=\"woocommerce\/cart-order-summary-coupon-form-block\" class=\"wp-block-woocommerce-cart-order-summary-coupon-form-block\"><\/div><div data-block-name=\"woocommerce\/cart-order-summary-totals-block\" class=\"wp-block-woocommerce-cart-order-summary-totals-block\">\n<div data-block-name=\"woocommerce\/cart-order-summary-subtotal-block\" class=\"wp-block-woocommerce-cart-order-summary-subtotal-block\"><\/div>\n<div data-block-name=\"woocommerce\/cart-order-summary-discount-block\" class=\"wp-block-woocommerce-cart-order-summary-discount-block\"><\/div>\n<div data-block-name=\"woocommerce\/cart-order-summary-fee-block\" class=\"wp-block-woocommerce-cart-order-summary-fee-block\"><\/div>\n<div data-block-name=\"woocommerce\/cart-order-summary-shipping-block\" class=\"wp-block-woocommerce-cart-order-summary-shipping-block\"><\/div>\n<div data-block-name=\"woocommerce\/cart-order-summary-taxes-block\" class=\"wp-block-woocommerce-cart-order-summary-taxes-block\"><\/div><\/div><\/div>\n\n<div data-block-name=\"woocommerce\/cart-express-payment-block\" class=\"wp-block-woocommerce-cart-express-payment-block\"><\/div>\n\n<div data-block-name=\"woocommerce\/proceed-to-checkout-block\" class=\"wp-block-woocommerce-proceed-to-checkout-block\"><\/div>\n\n<div data-block-name=\"woocommerce\/cart-accepted-payment-methods-block\" class=\"wp-block-woocommerce-cart-accepted-payment-methods-block\"><\/div><\/div><\/div>\n\n<div data-block-name=\"woocommerce\/empty-cart-block\" class=\"wp-block-woocommerce-empty-cart-block\"><h2 class=\"wp-block-heading has-text-align-center with-empty-cart-icon wc-block-cart__empty-cart__title\">Gi\u1ecf h\u00e0ng hi\u1ec7n t\u1ea1i ch\u01b0a c\u00f3 s\u1ea3n ph\u1ea9m n\u00e0o!<\/h2>\n\n<hr class=\"wp-block-separator has-alpha-channel-opacity is-style-dots\"\/>\n\n<h2 class=\"wp-block-heading has-text-align-center\">M\u1edbi trong c\u1eeda h\u00e0ng<\/h2>\n\n<div data-block-name=\"woocommerce\/product-new\" data-columns=\"4\" data-rows=\"1\" class=\"wc-block-grid wp-block-product-new wp-block-woocommerce-product-new wc-block-product-new has-4-columns\"><ul class=\"wc-block-grid__products\"><li class=\"wc-block-grid__product\">\n\t\t\t\t<a href=\"https:\/\/linhdinh.studio\/index.php\/san-pham\/quan-hoa-trendy\/\" class=\"wc-block-grid__product-link\">\n\t\t\t\t\t\n\t\t\t\t\t<div class=\"wc-block-grid__product-image\"><img fetchpriority=\"high\" decoding=\"async\" width=\"600\" height=\"800\" src=\"https:\/\/linhdinh.studio\/wp-content\/uploads\/2025\/05\/Ao_hai_day_dang_suong-2-600x800.jpg\" class=\"attachment-woocommerce_thumbnail size-woocommerce_thumbnail\" alt=\"Qu\u1ea7n hoa trendy\" \/><\/div>\n\t\t\t\t\t<div class=\"wc-block-grid__product-title\">Qu\u1ea7n hoa trendy<\/div>\n\t\t\t\t<\/a>\n\t\t\t\t<div class=\"wc-block-grid__product-price price\"><\/div>\n\t\t\t\t\n\t\t\t\t<div class=\"wp-block-button wc-block-grid__product-add-to-cart\"><a href=\"https:\/\/linhdinh.studio\/index.php\/san-pham\/quan-hoa-trendy\/\" aria-label=\"\u0110\u1ecdc th\u00eam v\u1ec1 &ldquo;Qu\u1ea7n hoa trendy&rdquo;\" data-quantity=\"1\" data-product_id=\"3163\" data-product_sku=\"\" data-price=\"0\" rel=\"nofollow\" class=\"wp-block-button__link  add_to_cart_button\">\u0110\u1ecdc ti\u1ebfp<\/a><\/div>\n\t\t\t<\/li><li class=\"wc-block-grid__product\">\n\t\t\t\t<a href=\"https:\/\/linhdinh.studio\/index.php\/san-pham\/ao-hai-day-dang-suong\/\" class=\"wc-block-grid__product-link\">\n\t\t\t\t\t<div class=\"wc-block-grid__product-onsale\">\n\t\t\t<span aria-hidden=\"true\">Khuy\u1ebfn m\u1ea1i<\/span>\n\t\t\t<span class=\"screen-reader-text\">S\u1ea3n ph\u1ea9m \u0111ang gi\u1ea3m gi\u00e1<\/span>\n\t\t<\/div>\n\t\t\t\t\t<div class=\"wc-block-grid__product-image\"><img decoding=\"async\" width=\"600\" height=\"800\" src=\"https:\/\/linhdinh.studio\/wp-content\/uploads\/2025\/05\/Ao_hai_day_dang_suong-1-600x800.jpg\" class=\"attachment-woocommerce_thumbnail size-woocommerce_thumbnail\" alt=\"\u00c1o Hai D\u00e2y D\u00e1ng Su\u00f4ng\" \/><\/div>\n\t\t\t\t\t<div class=\"wc-block-grid__product-title\">\u00c1o Hai D\u00e2y D\u00e1ng Su\u00f4ng<\/div>\n\t\t\t\t<\/a>\n\t\t\t\t<div class=\"wc-block-grid__product-price price\"><del aria-hidden=\"true\"><span class=\"woocommerce-Price-amount amount\">499.000&nbsp;<span class=\"woocommerce-Price-currencySymbol\">&#8363;<\/span><\/span><\/del> <span class=\"screen-reader-text\">Gi\u00e1 g\u1ed1c l\u00e0: 499.000&nbsp;&#8363;.<\/span><ins aria-hidden=\"true\"><span class=\"woocommerce-Price-amount amount\">399.000&nbsp;<span class=\"woocommerce-Price-currencySymbol\">&#8363;<\/span><\/span><\/ins><span class=\"screen-reader-text\">Gi\u00e1 hi\u1ec7n t\u1ea1i l\u00e0: 399.000&nbsp;&#8363;.<\/span><\/div>\n\t\t\t\t\n\t\t\t\t<div class=\"wp-block-button wc-block-grid__product-add-to-cart\"><a href=\"?add-to-cart=3151\" aria-label=\"Th\u00eam v\u00e0o gi\u1ecf h\u00e0ng: &ldquo;\u00c1o Hai D\u00e2y D\u00e1ng Su\u00f4ng&rdquo;\" data-quantity=\"1\" data-product_id=\"3151\" data-product_sku=\"\" data-price=\"399000\" rel=\"nofollow\" class=\"wp-block-button__link  add_to_cart_button ajax_add_to_cart\">Th\u00eam v\u00e0o gi\u1ecf h\u00e0ng<\/a><\/div>\n\t\t\t<\/li><li class=\"wc-block-grid__product\">\n\t\t\t\t<a href=\"https:\/\/linhdinh.studio\/index.php\/san-pham\/ao-hai-day-phoi-2-lop-nhe-nhang-thanh-lich-de-phoi-do\/\" class=\"wc-block-grid__product-link\">\n\t\t\t\t\t\n\t\t\t\t\t<div class=\"wc-block-grid__product-image\"><img decoding=\"async\" width=\"600\" height=\"800\" src=\"https:\/\/linhdinh.studio\/wp-content\/uploads\/2025\/03\/ao-hai-day-phoi-2-lop-mau-den-600x800.jpg\" class=\"attachment-woocommerce_thumbnail size-woocommerce_thumbnail\" alt=\"\u00c1o hai d\u00e2y ph\u1ed1i 2 l\u1edbp m\u00e0u \u0111en th\u1eddi trang\" \/><\/div>\n\t\t\t\t\t<div class=\"wc-block-grid__product-title\">\u00c1o Hai D\u00e2y Ph\u1ed1i 2 L\u1edbp \u2013 Nh\u1eb9 Nh\u00e0ng, Thanh L\u1ecbch<\/div>\n\t\t\t\t<\/a>\n\t\t\t\t<div class=\"wc-block-grid__product-price price\"><span class=\"woocommerce-Price-amount amount\">199.000&nbsp;<span class=\"woocommerce-Price-currencySymbol\">&#8363;<\/span><\/span><\/div>\n\t\t\t\t\n\t\t\t\t<div class=\"wp-block-button wc-block-grid__product-add-to-cart\"><a href=\"https:\/\/linhdinh.studio\/index.php\/san-pham\/ao-hai-day-phoi-2-lop-nhe-nhang-thanh-lich-de-phoi-do\/\" aria-label=\"L\u1ef1a ch\u1ecdn cho &ldquo;\u00c1o Hai D\u00e2y Ph\u1ed1i 2 L\u1edbp \u2013 Nh\u1eb9 Nh\u00e0ng, Thanh L\u1ecbch&rdquo;\" data-quantity=\"1\" data-product_id=\"64\" data-product_sku=\"\" data-price=\"199000\" rel=\"nofollow\" class=\"wp-block-button__link  add_to_cart_button\">L\u1ef1a ch\u1ecdn t\u00f9y ch\u1ecdn<\/a><\/div>\n\t\t\t<\/li><li class=\"wc-block-grid__product\">\n\t\t\t\t<a href=\"https:\/\/linhdinh.studio\/index.php\/san-pham\/white-embellished-satin-through-blouse-2\/\" class=\"wc-block-grid__product-link\">\n\t\t\t\t\t<div class=\"wc-block-grid__product-onsale\">\n\t\t\t<span aria-hidden=\"true\">Khuy\u1ebfn m\u1ea1i<\/span>\n\t\t\t<span class=\"screen-reader-text\">S\u1ea3n ph\u1ea9m \u0111ang gi\u1ea3m gi\u00e1<\/span>\n\t\t<\/div>\n\t\t\t\t\t<div class=\"wc-block-grid__product-image\"><img loading=\"lazy\" decoding=\"async\" width=\"600\" height=\"800\" src=\"https:\/\/linhdinh.studio\/wp-content\/uploads\/2020\/08\/1-25-600x800.jpeg\" class=\"attachment-woocommerce_thumbnail size-woocommerce_thumbnail\" alt=\"White Embellished Satin Through Blouse\" \/><\/div>\n\t\t\t\t\t<div class=\"wc-block-grid__product-title\">White Embellished Satin Through Blouse<\/div>\n\t\t\t\t<\/a>\n\t\t\t\t<div class=\"wc-block-grid__product-price price\"><del aria-hidden=\"true\"><span class=\"woocommerce-Price-amount amount\">89&nbsp;<span class=\"woocommerce-Price-currencySymbol\">&#8363;<\/span><\/span><\/del> <span class=\"screen-reader-text\">Gi\u00e1 g\u1ed1c l\u00e0: 89&nbsp;&#8363;.<\/span><ins aria-hidden=\"true\"><span class=\"woocommerce-Price-amount amount\">49&nbsp;<span class=\"woocommerce-Price-currencySymbol\">&#8363;<\/span><\/span><\/ins><span class=\"screen-reader-text\">Gi\u00e1 hi\u1ec7n t\u1ea1i l\u00e0: 49&nbsp;&#8363;.<\/span><\/div>\n\t\t\t\t\n\t\t\t\t<div class=\"wp-block-button wc-block-grid__product-add-to-cart\"><a href=\"https:\/\/linhdinh.studio\/index.php\/san-pham\/white-embellished-satin-through-blouse-2\/\" aria-label=\"L\u1ef1a ch\u1ecdn cho &ldquo;White Embellished Satin Through Blouse&rdquo;\" data-quantity=\"1\" data-product_id=\"977\" data-product_sku=\"\" data-price=\"49\" rel=\"nofollow\" class=\"wp-block-button__link  add_to_cart_button\">L\u1ef1a ch\u1ecdn t\u00f9y ch\u1ecdn<\/a><\/div>\n\t\t\t<\/li><\/ul><\/div><\/div><\/div>","protected":false},"excerpt":{"rendered":"","protected":false},"author":1,"featured_media":0,"parent":0,"menu_order":0,"comment_status":"closed","ping_status":"closed","template":"","meta":{"_acf_changed":false,"footnotes":""},"class_list":["post-8","page","type-page","status-publish","hentry"],"acf":[],"_links":{"self":[{"href":"https:\/\/linhdinh.studio\/index.php\/wp-json\/wp\/v2\/pages\/8","targetHints":{"allow":["GET"]}}],"collection":[{"href":"https:\/\/linhdinh.studio\/index.php\/wp-json\/wp\/v2\/pages"}],"about":[{"href":"https:\/\/linhdinh.studio\/index.php\/wp-json\/wp\/v2\/types\/page"}],"author":[{"embeddable":true,"href":"https:\/\/linhdinh.studio\/index.php\/wp-json\/wp\/v2\/users\/1"}],"replies":[{"embeddable":true,"href":"https:\/\/linhdinh.studio\/index.php\/wp-json\/wp\/v2\/comments?post=8"}],"version-history":[{"count":1,"href":"https:\/\/linhdinh.studio\/index.php\/wp-json\/wp\/v2\/pages\/8\/revisions"}],"predecessor-version":[{"id":60,"href":"https:\/\/linhdinh.studio\/index.php\/wp-json\/wp\/v2\/pages\/8\/revisions\/60"}],"wp:attachment":[{"href":"https:\/\/linhdinh.studio\/index.php\/wp-json\/wp\/v2\/media?parent=8"}],"curies":[{"name":"wp","href":"https:\/\/api.w.org\/{rel}","templated":true}]}}