{"id":64,"date":"2025-03-31T14:16:28","date_gmt":"2025-03-31T14:16:28","guid":{"rendered":"https:\/\/linhdinhstudio.phanminhhai.com\/?post_type=product&#038;p=64"},"modified":"2025-05-30T11:49:55","modified_gmt":"2025-05-30T11:49:55","slug":"ao-hai-day-phoi-2-lop-nhe-nhang-thanh-lich-de-phoi-do","status":"publish","type":"product","link":"https:\/\/linhdinh.studio\/index.php\/san-pham\/ao-hai-day-phoi-2-lop-nhe-nhang-thanh-lich-de-phoi-do\/","title":{"rendered":"\u00c1o Hai D\u00e2y Ph\u1ed1i 2 L\u1edbp \u2013 Nh\u1eb9 Nh\u00e0ng, Thanh L\u1ecbch"},"content":{"rendered":"<p>N\u1ebfu b\u1ea1n \u0111ang t\u00ecm m\u1ed9t chi\u1ebfc \u00e1o v\u1eeba tinh t\u1ebf, tho\u1ea3i m\u00e1i nh\u01b0ng v\u1eabn gi\u1eef \u0111\u01b0\u1ee3c n\u00e9t n\u1eef t\u00ednh, th\u00ec \u00e1o hai d\u00e2y ph\u1ed1i 2 l\u1edbp ch\u00ednh l\u00e0 s\u1ef1 l\u1ef1a ch\u1ecdn ho\u00e0n h\u1ea3o. V\u1edbi thi\u1ebft k\u1ebf bay b\u1ed5ng, sang tr\u1ecdng, \u0111\u00e2y ch\u1eafc ch\u1eafn l\u00e0 item kh\u00f4ng th\u1ec3 thi\u1ebfu trong t\u1ee7 \u0111\u1ed3 c\u1ee7a n\u00e0ng!<\/p>\n<p>\u2728 V\u00ec sao n\u00e0ng nh\u1ea5t \u0111\u1ecbnh ph\u1ea3i c\u00f3 \u00e1o hai d\u00e2y ph\u1ed1i 2 l\u1edbp?<\/p>\n<p>\u2714 Thi\u1ebft k\u1ebf 2 l\u1edbp tinh t\u1ebf \u2013 L\u1edbp ngo\u00e0i m\u1ec1m m\u1ea1i, nh\u1eb9 nh\u00e0ng, l\u1edbp trong ch\u1eafc ch\u1eafn gi\u00fap \u00e1o kh\u00f4ng b\u1ecb l\u1ed9, mang l\u1ea1i s\u1ef1 k\u00edn \u0111\u00e1o nh\u01b0ng v\u1eabn thanh tho\u00e1t.<br \/>\n\u2714 Ch\u1ea5t li\u1ec7u cao c\u1ea5p \u2013 V\u1ea3i m\u1ec1m, m\u00e1t, th\u1ea5m h\u00fat t\u1ed1t, gi\u00fap n\u00e0ng tho\u1ea3i m\u00e1i c\u1ea3 ng\u00e0y d\u00e0i.<br \/>\n\u2714 D\u1ec5 ph\u1ed1i \u0111\u1ed3 \u2013 K\u1ebft h\u1ee3p v\u1edbi qu\u1ea7n jean n\u0103ng \u0111\u1ed9ng, ch\u00e2n v\u00e1y d\u1ecbu d\u00e0ng hay blazer thanh l\u1ecbch \u0111\u1ec1u \u0111\u1eb9p xu\u1ea5t s\u1eafc.<br \/>\n\u2714 Ph\u00f9 h\u1ee3p nhi\u1ec1u d\u1ecbp \u2013 D\u00f9 \u0111i l\u00e0m, d\u1ea1o ph\u1ed1 hay h\u1eb9n h\u00f2, \u00e1o hai d\u00e2y ph\u1ed1i 2 l\u1edbp lu\u00f4n gi\u00fap n\u00e0ng t\u1ef1 tin t\u1ecfa s\u00e1ng.<\/p>\n<p>M\u1ed9t chi\u1ebfc \u00e1o \u0111\u01a1n gi\u1ea3n nh\u01b0ng \u0111\u1ea7y cu\u1ed1n h\u00fat, gi\u00fap n\u00e0ng \u0111\u1eb9p m\u1ecdi l\u00fac m\u1ecdi n\u01a1i!<\/p>\n","protected":false},"excerpt":{"rendered":"<p>N\u1ebfu b\u1ea1n \u0111ang t\u00ecm m\u1ed9t chi\u1ebfc \u00e1o v\u1eeba tinh t\u1ebf, tho\u1ea3i m\u00e1i nh\u01b0ng v\u1eabn gi\u1eef \u0111\u01b0\u1ee3c n\u00e9t n\u1eef t\u00ednh, th\u00ec \u00e1o hai d\u00e2y ph\u1ed1i 2 l\u1edbp ch\u00ednh l\u00e0 s\u1ef1 l\u1ef1a ch\u1ecdn ho\u00e0n h\u1ea3o. V\u1edbi thi\u1ebft k\u1ebf bay b\u1ed5ng, sang tr\u1ecdng, \u0111\u00e2y ch\u1eafc ch\u1eafn l\u00e0 item kh\u00f4ng th\u1ec3 thi\u1ebfu trong t\u1ee7 \u0111\u1ed3 c\u1ee7a n\u00e0ng!<\/p>\n","protected":false},"featured_media":67,"comment_status":"open","ping_status":"closed","template":"","meta":{"_acf_changed":false},"product_brand":[],"product_cat":[17],"product_tag":[],"class_list":{"0":"post-64","1":"product","2":"type-product","3":"status-publish","4":"has-post-thumbnail","6":"product_cat-ao-hai-day","8":"first","9":"instock","10":"shipping-taxable","11":"purchasable","12":"product-type-variable","swatches":"rey-swatches","show_selected":"rey-swatches--show-selected--name","stretch_labels":"rey-swatches--stretch-labels","update_gallery":"--swatch-update-gallery"},"acf":[],"_links":{"self":[{"href":"https:\/\/linhdinh.studio\/index.php\/wp-json\/wp\/v2\/product\/64","targetHints":{"allow":["GET"]}}],"collection":[{"href":"https:\/\/linhdinh.studio\/index.php\/wp-json\/wp\/v2\/product"}],"about":[{"href":"https:\/\/linhdinh.studio\/index.php\/wp-json\/wp\/v2\/types\/product"}],"replies":[{"embeddable":true,"href":"https:\/\/linhdinh.studio\/index.php\/wp-json\/wp\/v2\/comments?post=64"}],"wp:featuredmedia":[{"embeddable":true,"href":"https:\/\/linhdinh.studio\/index.php\/wp-json\/wp\/v2\/media\/67"}],"wp:attachment":[{"href":"https:\/\/linhdinh.studio\/index.php\/wp-json\/wp\/v2\/media?parent=64"}],"wp:term":[{"taxonomy":"product_brand","embeddable":true,"href":"https:\/\/linhdinh.studio\/index.php\/wp-json\/wp\/v2\/product_brand?post=64"},{"taxonomy":"product_cat","embeddable":true,"href":"https:\/\/linhdinh.studio\/index.php\/wp-json\/wp\/v2\/product_cat?post=64"},{"taxonomy":"product_tag","embeddable":true,"href":"https:\/\/linhdinh.studio\/index.php\/wp-json\/wp\/v2\/product_tag?post=64"}],"curies":[{"name":"wp","href":"https:\/\/api.w.org\/{rel}","templated":true}]}}